{"id":1012,"date":"2025-11-03T19:51:14","date_gmt":"2025-11-03T17:51:14","guid":{"rendered":"https:\/\/gogopartybooking.com\/?page_id=1012"},"modified":"2025-11-14T07:18:45","modified_gmt":"2025-11-14T05:18:45","slug":"o-nas","status":"publish","type":"page","link":"https:\/\/gogopartybooking.com\/cs\/o-nas\/","title":{"rendered":"O n\u00e1s"},"content":{"rendered":"<div data-elementor-type=\"wp-page\" data-elementor-id=\"1012\" class=\"elementor elementor-1012\" data-elementor-post-type=\"page\">\n\t\t\t\t<div class=\"elementor-element elementor-element-f6f6a64 e-flex e-con-boxed e-con e-parent\" data-id=\"f6f6a64\" data-element_type=\"container\">\n\t\t\t\t\t<div class=\"e-con-inner\">\n\t\t<div class=\"elementor-element elementor-element-94179b9 e-con-full e-flex e-con e-child\" data-id=\"94179b9\" data-element_type=\"container\">\n\t\t\t\t<div class=\"elementor-element elementor-element-c315a10 elementor-widget elementor-widget-image\" data-id=\"c315a10\" data-element_type=\"widget\" data-widget_type=\"image.default\">\n\t\t\t\t<div class=\"elementor-widget-container\">\n\t\t\t\t\t\t\t\t\t\t\t\t\t\t\t<img alt=\"\" fetchpriority=\"high\" decoding=\"async\" width=\"760\" height=\"760\" src=\"https:\/\/gogopartybooking.com\/wp-content\/uploads\/2025\/11\/Logo-Gogoparty.jpeg\" class=\"attachment-large size-large wp-image-1282\" srcset=\"https:\/\/gogopartybooking.com\/wp-content\/uploads\/2025\/11\/Logo-Gogoparty.jpeg 1024w, https:\/\/gogopartybooking.com\/wp-content\/uploads\/2025\/11\/Logo-Gogoparty-300x300.jpeg 300w, https:\/\/gogopartybooking.com\/wp-content\/uploads\/2025\/11\/Logo-Gogoparty-150x150.jpeg 150w, https:\/\/gogopartybooking.com\/wp-content\/uploads\/2025\/11\/Logo-Gogoparty-768x768.jpeg 768w, https:\/\/gogopartybooking.com\/wp-content\/uploads\/2025\/11\/Logo-Gogoparty-12x12.jpeg 12w, https:\/\/gogopartybooking.com\/wp-content\/uploads\/2025\/11\/Logo-Gogoparty-590x590.jpeg 590w, https:\/\/gogopartybooking.com\/wp-content\/uploads\/2025\/11\/Logo-Gogoparty-670x670.jpeg 670w, https:\/\/gogopartybooking.com\/wp-content\/uploads\/2025\/11\/Logo-Gogoparty-577x577.jpeg 577w, https:\/\/gogopartybooking.com\/wp-content\/uploads\/2025\/11\/Logo-Gogoparty-200x200.jpeg 200w, https:\/\/gogopartybooking.com\/wp-content\/uploads\/2025\/11\/Logo-Gogoparty-600x600.jpeg 600w, https:\/\/gogopartybooking.com\/wp-content\/uploads\/2025\/11\/Logo-Gogoparty-100x100.jpeg 100w\" sizes=\"(max-width: 760px) 100vw, 760px\" \/>\t\t\t\t\t\t\t\t\t\t\t\t\t\t\t<\/div>\n\t\t\t\t<\/div>\n\t\t\t\t<\/div>\n\t\t<div class=\"elementor-element elementor-element-e89f071 e-con-full e-flex e-con e-child\" data-id=\"e89f071\" data-element_type=\"container\">\n\t\t\t\t<div class=\"elementor-element elementor-element-db15b96 elementor-widget elementor-widget-text-editor\" data-id=\"db15b96\" data-element_type=\"widget\" data-widget_type=\"text-editor.default\">\n\t\t\t\t<div class=\"elementor-widget-container\">\n\t\t\t\t\t\t\t\t\t<p data-start=\"1632\" data-end=\"1777\"><strong>GoGo PartyBooking<\/strong> je platforma nov\u00e9 generace pro rezervaci m\u00edst pro po\u0159\u00e1d\u00e1n\u00ed ve\u010d\u00edrk\u016f - vytvo\u0159en\u00e1 pro lidi, kte\u0159\u00ed r\u00e1di oslavuj\u00ed \u017eivot kdekoli ve st\u0159edn\u00ed Evrop\u011b.<\/p><p data-start=\"1779\" data-end=\"1997\">P\u0159edstavte si ji jako Booking.com nebo Airbnb pro ve\u010d\u00edrky - inteligentn\u00ed v\u00edcejazy\u010dnou platformu, kde m\u016f\u017eete rychle naj\u00edt, porovnat a rezervovat ide\u00e1ln\u00ed m\u00edsto pro jakoukoli p\u0159\u00edle\u017eitost: soukrom\u00fd ve\u010d\u00edrek, klubov\u00fd ve\u010der nebo speci\u00e1ln\u00ed akci.<\/p><p data-start=\"1999\" data-end=\"2218\">Jsme p\u0159\u00edtomni v sedmi st\u0159edoevropsk\u00fdch zem\u00edch - <strong>Rakousko,Chorvatsko,\u010cesk\u00e1 republika, <\/strong><strong>Ma\u010farsko, Polsko, Rumunsko a Slovensko <\/strong>\u00a0- spole\u010dn\u011b \u017eije v\u00edce ne\u017e 91 milion\u016f lid\u00ed, kte\u0159\u00ed r\u00e1di slav\u00ed a u\u017e\u00edvaj\u00ed si \u017eivota.<\/p><p data-start=\"2220\" data-end=\"2431\">Platforma podporuje 11 jazyk\u016f v\u010detn\u011b angli\u010dtiny, n\u011bm\u010diny, francouz\u0161tiny a \u00fa\u0159edn\u00edch jazyk\u016f jednotliv\u00fdch partnersk\u00fdch zem\u00ed. D\u00edky tomu je vyhled\u00e1n\u00ed a rezervace m\u00edsta kon\u00e1n\u00ed ve\u010d\u00edrku pro v\u0161echny snadn\u00e9, rychl\u00e9 a transparentn\u00ed.<\/p>\t\t\t\t\t\t\t\t<\/div>\n\t\t\t\t<\/div>\n\t\t\t\t<\/div>\n\t\t\t\t\t<\/div>\n\t\t\t\t<\/div>\n\t\t<div class=\"elementor-element elementor-element-3102b48 e-flex e-con-boxed e-con e-parent\" data-id=\"3102b48\" data-element_type=\"container\">\n\t\t\t\t\t<div class=\"e-con-inner\">\n\t\t\t\t<div class=\"elementor-element elementor-element-52e373e elementor-widget-divider--view-line elementor-widget elementor-widget-divider\" data-id=\"52e373e\" data-element_type=\"widget\" data-widget_type=\"divider.default\">\n\t\t\t\t<div class=\"elementor-widget-container\">\n\t\t\t\t\t\t\t<div class=\"elementor-divider\">\n\t\t\t<span class=\"elementor-divider-separator\">\n\t\t\t\t\t\t<\/span>\n\t\t<\/div>\n\t\t\t\t\t\t<\/div>\n\t\t\t\t<\/div>\n\t\t\t\t<div class=\"elementor-element elementor-element-b7160f2 elementor-widget elementor-widget-text-editor\" data-id=\"b7160f2\" data-element_type=\"widget\" data-widget_type=\"text-editor.default\">\n\t\t\t\t<div class=\"elementor-widget-container\">\n\t\t\t\t\t\t\t\t\t<p style=\"text-align: center;\"><img decoding=\"async\" class=\"emoji\" role=\"img\" draggable=\"false\" src=\"https:\/\/s.w.org\/images\/core\/emoji\/16.0.1\/svg\/1f389.svg\" alt=\"\ud83c\udf89\" \/>\u00a0<strong>Rezervace Oslava opakov\u00e1n\u00ed\u00a0<\/strong><br \/>S Gogopartybooking za\u010d\u00edn\u00e1 va\u0161e p\u0159\u00ed\u0161t\u00ed skv\u011bl\u00e1 p\u00e1rty p\u0159esn\u011b tam, kde chcete.<br \/><br \/><\/p>\t\t\t\t\t\t\t\t<\/div>\n\t\t\t\t<\/div>\n\t\t\t\t\t<\/div>\n\t\t\t\t<\/div>\n\t\t<div class=\"elementor-element elementor-element-d0e9e85 e-flex e-con-boxed e-con e-parent\" data-id=\"d0e9e85\" data-element_type=\"container\">\n\t\t\t\t\t<div class=\"e-con-inner\">\n\t\t\t\t\t<\/div>\n\t\t\t\t<\/div>\n\t\t\t\t<\/div>","protected":false},"excerpt":{"rendered":"<p>GoGo PartyBooking is a next-generation platform for booking party venues \u2014 made for people who love celebrating life anywhere in Central Europe. Think of it as the Booking.com or Airbnb of party places \u2014 a smart, multilingual platform where you can quickly find, compare, and book the ideal venue for any occasion: a private party, [&hellip;]<\/p>","protected":false},"author":1,"featured_media":0,"parent":0,"menu_order":0,"comment_status":"closed","ping_status":"closed","template":"","meta":{"_seopress_robots_primary_cat":"","_seopress_titles_title":"","_seopress_titles_desc":"","_seopress_robots_index":"","footnotes":""},"class_list":["post-1012","page","type-page","status-publish","hentry"],"_hostinger_reach_plugin_has_subscription_block":false,"_hostinger_reach_plugin_is_elementor":false,"jetpack_sharing_enabled":true,"_links":{"self":[{"href":"https:\/\/gogopartybooking.com\/cs\/wp-json\/wp\/v2\/pages\/1012","targetHints":{"allow":["GET"]}}],"collection":[{"href":"https:\/\/gogopartybooking.com\/cs\/wp-json\/wp\/v2\/pages"}],"about":[{"href":"https:\/\/gogopartybooking.com\/cs\/wp-json\/wp\/v2\/types\/page"}],"author":[{"embeddable":true,"href":"https:\/\/gogopartybooking.com\/cs\/wp-json\/wp\/v2\/users\/1"}],"replies":[{"embeddable":true,"href":"https:\/\/gogopartybooking.com\/cs\/wp-json\/wp\/v2\/comments?post=1012"}],"version-history":[{"count":58,"href":"https:\/\/gogopartybooking.com\/cs\/wp-json\/wp\/v2\/pages\/1012\/revisions"}],"predecessor-version":[{"id":1285,"href":"https:\/\/gogopartybooking.com\/cs\/wp-json\/wp\/v2\/pages\/1012\/revisions\/1285"}],"wp:attachment":[{"href":"https:\/\/gogopartybooking.com\/cs\/wp-json\/wp\/v2\/media?parent=1012"}],"curies":[{"name":"wp","href":"https:\/\/api.w.org\/{rel}","templated":true}]}}