{"id":1012,"date":"2025-11-03T19:51:14","date_gmt":"2025-11-03T17:51:14","guid":{"rendered":"https:\/\/gogopartybooking.com\/?page_id=1012"},"modified":"2025-11-14T07:18:45","modified_gmt":"2025-11-14T05:18:45","slug":"rolunk","status":"publish","type":"page","link":"https:\/\/gogopartybooking.com\/hu\/rolunk\/","title":{"rendered":"R\u00f3lunk"},"content":{"rendered":"<div data-elementor-type=\"wp-page\" data-elementor-id=\"1012\" class=\"elementor elementor-1012\" data-elementor-post-type=\"page\">\n\t\t\t\t<div class=\"elementor-element elementor-element-f6f6a64 e-flex e-con-boxed e-con e-parent\" data-id=\"f6f6a64\" data-element_type=\"container\">\n\t\t\t\t\t<div class=\"e-con-inner\">\n\t\t<div class=\"elementor-element elementor-element-94179b9 e-con-full e-flex e-con e-child\" data-id=\"94179b9\" data-element_type=\"container\">\n\t\t\t\t<div class=\"elementor-element elementor-element-c315a10 elementor-widget elementor-widget-image\" data-id=\"c315a10\" data-element_type=\"widget\" data-widget_type=\"image.default\">\n\t\t\t\t<div class=\"elementor-widget-container\">\n\t\t\t\t\t\t\t\t\t\t\t\t\t\t\t<img alt=\"\" fetchpriority=\"high\" decoding=\"async\" width=\"760\" height=\"760\" src=\"https:\/\/gogopartybooking.com\/wp-content\/uploads\/2025\/11\/Logo-Gogoparty.jpeg\" class=\"attachment-large size-large wp-image-1282\" srcset=\"https:\/\/gogopartybooking.com\/wp-content\/uploads\/2025\/11\/Logo-Gogoparty.jpeg 1024w, https:\/\/gogopartybooking.com\/wp-content\/uploads\/2025\/11\/Logo-Gogoparty-300x300.jpeg 300w, https:\/\/gogopartybooking.com\/wp-content\/uploads\/2025\/11\/Logo-Gogoparty-150x150.jpeg 150w, https:\/\/gogopartybooking.com\/wp-content\/uploads\/2025\/11\/Logo-Gogoparty-768x768.jpeg 768w, https:\/\/gogopartybooking.com\/wp-content\/uploads\/2025\/11\/Logo-Gogoparty-12x12.jpeg 12w, https:\/\/gogopartybooking.com\/wp-content\/uploads\/2025\/11\/Logo-Gogoparty-590x590.jpeg 590w, https:\/\/gogopartybooking.com\/wp-content\/uploads\/2025\/11\/Logo-Gogoparty-670x670.jpeg 670w, https:\/\/gogopartybooking.com\/wp-content\/uploads\/2025\/11\/Logo-Gogoparty-577x577.jpeg 577w, https:\/\/gogopartybooking.com\/wp-content\/uploads\/2025\/11\/Logo-Gogoparty-200x200.jpeg 200w, https:\/\/gogopartybooking.com\/wp-content\/uploads\/2025\/11\/Logo-Gogoparty-600x600.jpeg 600w, https:\/\/gogopartybooking.com\/wp-content\/uploads\/2025\/11\/Logo-Gogoparty-100x100.jpeg 100w\" sizes=\"(max-width: 760px) 100vw, 760px\" \/>\t\t\t\t\t\t\t\t\t\t\t\t\t\t\t<\/div>\n\t\t\t\t<\/div>\n\t\t\t\t<\/div>\n\t\t<div class=\"elementor-element elementor-element-e89f071 e-con-full e-flex e-con e-child\" data-id=\"e89f071\" data-element_type=\"container\">\n\t\t\t\t<div class=\"elementor-element elementor-element-db15b96 elementor-widget elementor-widget-text-editor\" data-id=\"db15b96\" data-element_type=\"widget\" data-widget_type=\"text-editor.default\">\n\t\t\t\t<div class=\"elementor-widget-container\">\n\t\t\t\t\t\t\t\t\t<p data-start=\"1632\" data-end=\"1777\"><strong>GoGo PartyBooking<\/strong> egy \u00faj gener\u00e1ci\u00f3s platform a bulihelysz\u00ednek foglal\u00e1s\u00e1ra - azoknak az embereknek k\u00e9sz\u00fclt, akik szeretik az \u00e9letet \u00fcnnepelni b\u00e1rhol K\u00f6z\u00e9p-Eur\u00f3p\u00e1ban.<\/p><p data-start=\"1779\" data-end=\"1997\">Gondolj r\u00e1 \u00fagy, mint a bulihelysz\u00ednek Booking.com-j\u00e1ra vagy Airbnb-j\u00e9re - egy intelligens, t\u00f6bbnyelv\u0171 platformra, ahol gyorsan megtal\u00e1lhatod, \u00f6sszehasonl\u00edthatod \u00e9s lefoglalhatod az ide\u00e1lis helysz\u00ednt b\u00e1rmilyen alkalomra: priv\u00e1t partira, klubestre vagy k\u00fcl\u00f6nleges esem\u00e9nyre.<\/p><p data-start=\"1999\" data-end=\"2218\">H\u00e9t k\u00f6z\u00e9p-eur\u00f3pai orsz\u00e1gban vagyunk jelen - <strong>Ausztria, Horv\u00e1torsz\u00e1g, Csehorsz\u00e1g, <\/strong><strong>Magyarorsz\u00e1g, Lengyelorsz\u00e1g, Rom\u00e1nia \u00e9s Szlov\u00e1kia <\/strong>\u00a0- egy\u00fctt t\u00f6bb mint 91 milli\u00f3 ember otthona, akik szeretnek egy\u00fctt \u00fcnnepelni \u00e9s \u00e9lvezni az \u00e9letet.<\/p><p data-start=\"2220\" data-end=\"2431\">A platform 11 nyelvet t\u00e1mogat, k\u00f6zt\u00fck angol, n\u00e9met, francia \u00e9s az egyes partnerorsz\u00e1gok hivatalos nyelveit. Ez mindenki sz\u00e1m\u00e1ra egyszer\u0171v\u00e9, gyorsan \u00e9s \u00e1tl\u00e1that\u00f3v\u00e1 teszi a bulihelysz\u00edn megtal\u00e1l\u00e1s\u00e1t \u00e9s foglal\u00e1s\u00e1t.<\/p>\t\t\t\t\t\t\t\t<\/div>\n\t\t\t\t<\/div>\n\t\t\t\t<\/div>\n\t\t\t\t\t<\/div>\n\t\t\t\t<\/div>\n\t\t<div class=\"elementor-element elementor-element-3102b48 e-flex e-con-boxed e-con e-parent\" data-id=\"3102b48\" data-element_type=\"container\">\n\t\t\t\t\t<div class=\"e-con-inner\">\n\t\t\t\t<div class=\"elementor-element elementor-element-52e373e elementor-widget-divider--view-line elementor-widget elementor-widget-divider\" data-id=\"52e373e\" data-element_type=\"widget\" data-widget_type=\"divider.default\">\n\t\t\t\t<div class=\"elementor-widget-container\">\n\t\t\t\t\t\t\t<div class=\"elementor-divider\">\n\t\t\t<span class=\"elementor-divider-separator\">\n\t\t\t\t\t\t<\/span>\n\t\t<\/div>\n\t\t\t\t\t\t<\/div>\n\t\t\t\t<\/div>\n\t\t\t\t<div class=\"elementor-element elementor-element-b7160f2 elementor-widget elementor-widget-text-editor\" data-id=\"b7160f2\" data-element_type=\"widget\" data-widget_type=\"text-editor.default\">\n\t\t\t\t<div class=\"elementor-widget-container\">\n\t\t\t\t\t\t\t\t\t<p style=\"text-align: center;\"><img decoding=\"async\" class=\"emoji\" role=\"img\" draggable=\"false\" src=\"https:\/\/s.w.org\/images\/core\/emoji\/16.0.1\/svg\/1f389.svg\" alt=\"\ud83c\udf89  Tedd l\u00e1that\u00f3v\u00e1 a party helysz\u00edned \u2013 teljesen ingyen!\" \/>\u00a0<strong>Foglal\u00e1s \u00dcnnepl\u00e9s  Ism\u00e9tl\u00e9s\u00a0<\/strong><br \/>A Gogopartybooking seg\u00edts\u00e9g\u00e9vel a k\u00f6vetkez\u0151 nagyszer\u0171 buli pontosan ott kezd\u0151dik, ahol TE  szeretn\u00e9d.Mert ha n\u00e1lunk foglalsz - b\u00edzhatsz benne, hogy val\u00f3di.<br \/><br \/><\/p>\t\t\t\t\t\t\t\t<\/div>\n\t\t\t\t<\/div>\n\t\t\t\t\t<\/div>\n\t\t\t\t<\/div>\n\t\t<div class=\"elementor-element elementor-element-d0e9e85 e-flex e-con-boxed e-con e-parent\" data-id=\"d0e9e85\" data-element_type=\"container\">\n\t\t\t\t\t<div class=\"e-con-inner\">\n\t\t\t\t\t<\/div>\n\t\t\t\t<\/div>\n\t\t\t\t<\/div>","protected":false},"excerpt":{"rendered":"<p>GoGo PartyBooking is a next-generation platform for booking party venues \u2014 made for people who love celebrating life anywhere in Central Europe. Think of it as the Booking.com or Airbnb of party places \u2014 a smart, multilingual platform where you can quickly find, compare, and book the ideal venue for any occasion: a private party, [&hellip;]<\/p>","protected":false},"author":1,"featured_media":0,"parent":0,"menu_order":0,"comment_status":"closed","ping_status":"closed","template":"","meta":{"_seopress_robots_primary_cat":"","_seopress_titles_title":"","_seopress_titles_desc":"","_seopress_robots_index":"","footnotes":""},"class_list":["post-1012","page","type-page","status-publish","hentry"],"_hostinger_reach_plugin_has_subscription_block":false,"_hostinger_reach_plugin_is_elementor":false,"jetpack_sharing_enabled":true,"_links":{"self":[{"href":"https:\/\/gogopartybooking.com\/hu\/wp-json\/wp\/v2\/pages\/1012","targetHints":{"allow":["GET"]}}],"collection":[{"href":"https:\/\/gogopartybooking.com\/hu\/wp-json\/wp\/v2\/pages"}],"about":[{"href":"https:\/\/gogopartybooking.com\/hu\/wp-json\/wp\/v2\/types\/page"}],"author":[{"embeddable":true,"href":"https:\/\/gogopartybooking.com\/hu\/wp-json\/wp\/v2\/users\/1"}],"replies":[{"embeddable":true,"href":"https:\/\/gogopartybooking.com\/hu\/wp-json\/wp\/v2\/comments?post=1012"}],"version-history":[{"count":58,"href":"https:\/\/gogopartybooking.com\/hu\/wp-json\/wp\/v2\/pages\/1012\/revisions"}],"predecessor-version":[{"id":1285,"href":"https:\/\/gogopartybooking.com\/hu\/wp-json\/wp\/v2\/pages\/1012\/revisions\/1285"}],"wp:attachment":[{"href":"https:\/\/gogopartybooking.com\/hu\/wp-json\/wp\/v2\/media?parent=1012"}],"curies":[{"name":"wp","href":"https:\/\/api.w.org\/{rel}","templated":true}]}}