{"id":157,"date":"2018-11-02T10:41:38","date_gmt":"2018-11-02T10:41:38","guid":{"rendered":"http:\/\/listeo.wpengine.com\/?page_id=44"},"modified":"2025-10-28T23:29:20","modified_gmt":"2025-10-28T21:29:20","slug":"bejegyzes-hozzaadasa","status":"publish","type":"page","link":"https:\/\/gogopartybooking.com\/hu\/bejegyzes-hozzaadasa\/","title":{"rendered":"List\u00e1z\u00e1s hozz\u00e1ad\u00e1sa"},"content":{"rendered":"<!-- <div class=\"notification notice large margin-bottom-55\">\r\n\t<h4>Nincs fi\u00f3kod?<\/h4>\r\n\t<p>Ha nincs fi\u00f3kod, k\u00e9rlek regisztr\u00e1lj az al\u00e1bbi \u0171rlapon. A jelsz\u00f3 automatikusan el lesz k\u00fcldve neked.<\/p>\r\n<\/div> --><ul class=\"tabs-nav\">\n\t<li id=\"listeo-logintab-btn\" class=\"\"><a href=\"#tab1\">Bejelentkez\u00e9s<\/a><\/li>\n\t<li id=\"listeo-registration-btn\"><a href=\"#tab2\">Regisztr\u00e1ci\u00f3<\/a><\/li>\n<\/ul>\n\n<div class=\"tabs-container alt\">\n\n\t<!-- Login -->\n\t<div class=\"tab-content\" id=\"tab1\" style=\"display: none;\">\n\t\t\t\t\t\t<form method=\"post\" id=\"login\" class=\"login\" action=\"https:\/\/gogopartybooking.com\/wp-login.php\">\n\t\t\t\t\n\t\t\t\t\t\t\t\t<p class=\"form-row form-row-wide\">\n\t\t\t\t\t<label for=\"user_login\">\n\t\t\t\t\t\t<i class=\"sl sl-icon-user\"><\/i>\n\t\t\t\t\t\t<input placeholder=\"Felhaszn\u00e1l\u00f3n\u00e9v\/E-mail\" type=\"text\" class=\"input-text\" name=\"log\" id=\"user_login\" value=\"\" \/>\n\t\t\t\t\t<\/label>\n\t\t\t\t<\/p>\n\n\n\t\t\t\t<p class=\"form-row form-row-wide\">\n\t\t\t\t\t<label for=\"user_pass\">\n\t\t\t\t\t\t<i class=\"sl sl-icon-lock\"><\/i>\n\t\t\t\t\t\t<input placeholder=\"Jelsz\u00f3\" class=\"input-text\" type=\"password\" name=\"pwd\" id=\"user_pass\" \/>\n\n\t\t\t\t\t<\/label>\n\t\t\t\t\t<span class=\"lost_password\">\n\t\t\t\t\t\t<a href=\"https:\/\/gogopartybooking.com\/wp-login.php?action=lostpassword\">Elfelejtette a jelszav\u00e1t?<\/a>\n\t\t\t\t\t<\/span>\n\t\t\t\t<\/p>\n\n\t\t\t\t<div class=\"form-row\">\n\t\t\t\t\t<input type=\"hidden\" id=\"login_security\" name=\"login_security\" value=\"ef24f63674\" \/><input type=\"hidden\" name=\"_wp_http_referer\" value=\"\/hu\/wp-json\/wp\/v2\/pages\/157\" \/>\t\t\t\t\t<input type=\"submit\" class=\"button border margin-top-5\" name=\"login\" value=\"Bejelentkez\u00e9s\" \/>\n\t\t\t\t\t<div class=\"checkboxes margin-top-10\">\n\t\t\t\t\t\t<input name=\"rememberme\" type=\"checkbox\" id=\"remember-me\" value=\"forever\" \/>\n\t\t\t\t\t\t<label for=\"remember-me\">Eml\u00e9kezz r\u00e1m<\/label>\n\n\t\t\t\t\t<\/div>\n\t\t\t\t<\/div>\n\t\t\t\t<div class=\"notification error closeable\" style=\"display: none; margin-top: 20px; margin-bottom: 0px;\">\n\t\t\t\t\t<p><\/p>\n\t\t\t\t<\/div>\n\t\t\t\t<\/form>\n\t<\/div>\n\n\t<!-- Register -->\n\t<div class=\"tab-content\" id=\"tab2\" style=\"display: none;\">\n\t\t\t\t\t\t\t<form enctype=\"multipart\/form-data\" class=\"register listeo-registration-form\" id=\"register\" action=\"https:\/\/gogopartybooking.com\/wp-login.php?action=register\" method=\"post\">\n\t\t\t\t\t\t\t\t\t\t<div class=\"listeo-register-form-fields-container\" data-otp-type=\"\">\n\t\t\t\t\t\t\t\t\t\t\t\t\t<div class=\"account-type\">\n\t\t\t\t\t\t\t\t<div>\n\t\t\t\t\t\t\t\t\t<input type=\"radio\" name=\"user_role\" id=\"freelancer-radio\" value=\"guest\" class=\"account-type-radio\"  \/>\n\t\t\t\t\t\t\t\t\t<label for=\"freelancer-radio\"><i class=\"sl sl-icon-user\"><\/i> Vend\u00e9g<\/label>\n\t\t\t\t\t\t\t\t<\/div>\n\t\t\t\t\t\t\t\t\t\t\t\t\t\t\t\t\t<div>\n\t\t\t\t\t\t\t\t\t\t<input type=\"radio\" name=\"user_role\" id=\"employer-radio\" value=\"seller\" class=\"account-type-radio\"  checked \/>\n\t\t\t\t\t\t\t\t\t\t<label for=\"employer-radio\"><i class=\"sl sl-icon-briefcase\"><\/i> Tulajdonos<\/label>\n\t\t\t\t\t\t\t\t\t<\/div>\n\t\t\t\t\t\t\t\t\t\t\t\t\t\t\t<\/div>\n\t\t\t\t\t\t\t<div class=\"clearfix\"><\/div>\n\t\t\t\t\t\t\t\t\t\t\t\t\t\t\t\t\t\t\t<p class=\"form-row form-row-wide\">\n\t\t\t\t\t\t\t\t<label for=\"username2\">\n\t\t\t\t\t\t\t\t\t<i class=\"sl sl-icon-user\"><\/i>\n\t\t\t\t\t\t\t\t\t<input required placeholder=\"Felhaszn\u00e1l\u00f3n\u00e9v\" type=\"text\" class=\"input-text\" name=\"username\" id=\"username2\" value=\"\" \/>\n\t\t\t\t\t\t\t\t<\/label>\n\t\t\t\t\t\t\t<\/p>\n\t\t\t\t\t\t\n\t\t\t\t\t\t<p class=\"form-row form-row-wide\">\n\t\t\t\t\t\t\t<label for=\"email\">\n\t\t\t\t\t\t\t\t<i class=\"sl sl-icon-envelope-open\"><\/i>\n\t\t\t\t\t\t\t\t<input required type=\"email\" placeholder=\"E-mail c\u00edm\" class=\"input-text\" name=\"email\" id=\"email\" value=\"\" \/>\n\t\t\t\t\t\t\t<\/label>\n\t\t\t\t\t\t<\/p>\n\n\t\t\t\t\t\t\t\t\t\t\t\t\t<div class=\"password-field-wrapper\">\n\t\t\t\t\t\t\t\t<p class=\"form-row form-row-wide\" id=\"password-row\">\n\t\t\t\t\t\t\t\t\t<label for=\"password1\">\n\t\t\t\t\t\t\t\t\t\t<i class=\"sl sl-icon-lock\"><\/i>\n\t\t\t\t\t\t\t\t\t\t<input required placeholder=\"Jelsz\u00f3\" class=\"input-text\" type=\"password\" name=\"password\" id=\"password1\" \/>\n\t\t\t\t\t\t\t\t\t\t<span class=\"pwstrength_viewport_progress\"><\/span>\n\t\t\t\t\t\t\t\t\t<\/label>\n\t\t\t\t\t\t\t\t<\/p>\n\t\t\t\t\t\t\t\t\t\t\t\t\t\t\t<\/div>\n\t\t\t\t\t\t\n\t\t\t\t\t\t\t\t\t\t\t\t\t<p class=\"form-row form-row-wide\">\n\t\t\t\t\t\t\t\t<label for=\"first-name\">\n\t\t\t\t\t\t\t\t\t<i class=\"sl sl-icon-pencil\"><\/i>\n\t\t\t\t\t\t\t\t\t<input  placeholder=\"Keresztn\u00e9v\" type=\"text\" name=\"first_name\" id=\"first-name\"><\/label>\n\t\t\t\t\t\t\t<\/p>\n\n\t\t\t\t\t\t\t<p class=\"form-row form-row-wide\">\n\t\t\t\t\t\t\t\t<label for=\"last-name\">\n\t\t\t\t\t\t\t\t\t<i class=\"sl sl-icon-pencil\"><\/i>\n\t\t\t\t\t\t\t\t\t<input  placeholder=\"Vezet\u00e9kn\u00e9v\" type=\"text\" name=\"last_name\" id=\"last-name\">\n\t\t\t\t\t\t\t\t<\/label>\n\t\t\t\t\t\t\t<\/p>\n\t\t\t\t\t\t\n\t\t\t\t\t\t\n\n\t\t\t\t\t\t<!-- \/\/extra fields -->\n\t\t\t\t\t\t<div id=\"listeo-core-registration-fields\">\n\t\t\t\t\t\t\t\t\t\t\t\t\t<\/div>\n\n\n\t\t\t\t\t\t<!-- eof custom fields -->\n\n\t\t\t\t\t\t\n\t\t\t\t\t\t\n\t\t\t\t\t\t\t\t\t\t\t\t\n\t\t\t\t\t\t\t\t\t\t\t\t\t<p class=\"form-row margin-top-10 checkboxes margin-bottom-10\">\n\t\t\t\t\t\t\t\t<input type=\"checkbox\" id=\"privacy_policy\" name=\"privacy_policy\">\n\t\t\t\t\t\t\t\t<label for=\"privacy_policy\">Egyet\u00e9rtek a <a target=\"_blank\" href=\"\">Adatv\u00e9delmi ir\u00e1nyelvek<\/a> <\/label>\n\n\t\t\t\t\t\t\t<\/p>\n\n\t\t\t\t\t\t\n\t\t\t\t\t\t\t\t\t\t\t<\/div>\n\t\t\t\t\t\n\t\t\t\t\t<input type=\"hidden\" id=\"register_security\" name=\"register_security\" value=\"ef24f63674\" \/><input type=\"hidden\" name=\"_wp_http_referer\" value=\"\/hu\/wp-json\/wp\/v2\/pages\/157\" \/>\n\t\t\t\t\t\t\t\t\t\t\t<input type=\"submit\" class=\"button border fw margin-top-10\" name=\"register\" value=\"Regisztr\u00e1ci\u00f3\" \/>\n\t\t\t\t\t\t\t\t\t\t<div class=\"notification error closeable\" style=\"display: none;margin-top: 20px; margin-bottom: 0px;\">\n\t\t\t\t\t\t<p><\/p>\n\t\t\t\t\t<\/div>\n\n\t\t\t\t\t<\/form>\n\n\t\t\t\t\t<div class=\"listeo-custom-fields-wrapper\">\n\t\t\t\t\t\t\t\t\t\t\t\t\t\t\t\t\t<\/div>\n\t\t\t\t\t<\/div>\n\n<\/div>","protected":false},"excerpt":{"rendered":"","protected":false},"author":1,"featured_media":0,"parent":0,"menu_order":0,"comment_status":"closed","ping_status":"closed","template":"template-dashboard.php","meta":{"_seopress_robots_primary_cat":"","_seopress_titles_title":"","_seopress_titles_desc":"","_seopress_robots_index":"","footnotes":""},"class_list":["post-157","page","type-page","status-publish","hentry"],"_hostinger_reach_plugin_has_subscription_block":false,"_hostinger_reach_plugin_is_elementor":false,"jetpack_sharing_enabled":true,"_links":{"self":[{"href":"https:\/\/gogopartybooking.com\/hu\/wp-json\/wp\/v2\/pages\/157","targetHints":{"allow":["GET"]}}],"collection":[{"href":"https:\/\/gogopartybooking.com\/hu\/wp-json\/wp\/v2\/pages"}],"about":[{"href":"https:\/\/gogopartybooking.com\/hu\/wp-json\/wp\/v2\/types\/page"}],"author":[{"embeddable":true,"href":"https:\/\/gogopartybooking.com\/hu\/wp-json\/wp\/v2\/users\/1"}],"replies":[{"embeddable":true,"href":"https:\/\/gogopartybooking.com\/hu\/wp-json\/wp\/v2\/comments?post=157"}],"version-history":[{"count":4,"href":"https:\/\/gogopartybooking.com\/hu\/wp-json\/wp\/v2\/pages\/157\/revisions"}],"predecessor-version":[{"id":827,"href":"https:\/\/gogopartybooking.com\/hu\/wp-json\/wp\/v2\/pages\/157\/revisions\/827"}],"wp:attachment":[{"href":"https:\/\/gogopartybooking.com\/hu\/wp-json\/wp\/v2\/media?parent=157"}],"curies":[{"name":"wp","href":"https:\/\/api.w.org\/{rel}","templated":true}]}}